{"id":273,"date":"2018-07-18T09:48:02","date_gmt":"2018-07-18T09:48:02","guid":{"rendered":"https:\/\/kaleshi.com.al\/?page_id=273"},"modified":"2018-07-19T11:00:28","modified_gmt":"2018-07-19T11:00:28","slug":"projektim-dhe-realizim-kopshtesh","status":"publish","type":"page","link":"https:\/\/www.kaleshi.com.al\/index.php\/projektim-dhe-realizim-kopshtesh\/","title":{"rendered":"PROJEKTIM &#038; ZBATIM I LULISHTEVE &#038; PARQEVE"},"content":{"rendered":"<div class=\"wpb-content-wrapper\"><p>[vc_row gap=&#8221;20&#8243;][vc_column width=&#8221;1\/2&#8243;][vc_empty_space height=&#8221;10px&#8221;][vc_custom_heading text=&#8221;PERKUJDESJE &amp; PROFESIONALIZEM&#8221; font_container=&#8221;tag:h1|font_size:50px|text_align:left|color:%23573e2a|line_height:75px&#8221; google_fonts=&#8221;font_family:Yanone%20Kaffeesatz%3A200%2C300%2Cregular%2C700|font_style:700%20bold%20regular%3A700%3Anormal&#8221;][vc_custom_heading text=&#8221;PER NJE AMBJENT SHLODHES &#8221; font_container=&#8221;tag:h1|font_size:25px|text_align:left|color:%23779e03|line_height:50px&#8221; google_fonts=&#8221;font_family:Yanone%20Kaffeesatz%3A200%2C300%2Cregular%2C700|font_style:400%20regular%3A400%3Anormal&#8221; css=&#8221;.vc_custom_1531907481117{margin-top: -25px !important;}&#8221;][vc_column_text]<\/p>\n<p style=\"text-align: justify;\">Firma Kaleshi sh.p.k, me seli n\u00eb P\u00ebrmet, realizon mirembajtje te kopshteve dhe lulishteve.\u00a0Me qindra vila banimi, lokale, hotele dhe ambiente t\u00eb tjera, n\u00eb \u00e7do skaj t\u00eb Shqip\u00ebris\u00eb, jan\u00eb gjelb\u00ebruar nga Kaleshi shpk nd\u00ebr vite dhe na besojn\u00eb p\u00ebrs\u00ebri p\u00ebr tu kujdesur p\u00ebr kopshtet e tyre. Edhe pas dy dekadash aktivitet, Kaleshi shpk vazhdon t\u00eb punoj\u00eb me t\u00eb nj\u00ebjtin pasion dhe dashuri si n\u00eb fillim t\u00eb veprimtaris\u00eb s\u00eb tij, p\u00ebr t\u00eb krijuar ambjente shlodh\u00ebs p\u00ebr k\u00ebdo q\u00eb vler\u00ebson dhe do natyr\u00ebn.<\/p>\n<p>[\/vc_column_text][\/vc_column][vc_column width=&#8221;1\/2&#8243;][vc_single_image image=&#8221;285&#8243; img_size=&#8221;full&#8221; alignment=&#8221;center&#8221; image_hovers=&#8221;false&#8221;][\/vc_column][\/vc_row][vc_row full_width=&#8221;stretch_row&#8221; css=&#8221;.vc_custom_1531908458000{margin-bottom: -70px !important;background-image: url(https:\/\/www.kaleshi.com.al\/wp-content\/uploads\/2018\/07\/bg2-2.jpg?id=284) !important;}&#8221;][vc_column][vc_custom_heading text=&#8221;PRANVERE NE CDO STINE&#8221; font_container=&#8221;tag:h1|font_size:50px|text_align:center|color:%23573e2a|line_height:75px&#8221; google_fonts=&#8221;font_family:Yanone%20Kaffeesatz%3A200%2C300%2Cregular%2C700|font_style:700%20bold%20regular%3A700%3Anormal&#8221;][vc_empty_space height=&#8221;20px&#8221;][vc_row_inner][vc_column_inner width=&#8221;1\/4&#8243;][vc_single_image image=&#8221;282&#8243; img_size=&#8221;full&#8221; alignment=&#8221;center&#8221; image_hovers=&#8221;false&#8221;][\/vc_column_inner][vc_column_inner width=&#8221;1\/4&#8243;][vc_single_image image=&#8221;279&#8243; img_size=&#8221;full&#8221; alignment=&#8221;center&#8221; image_hovers=&#8221;false&#8221;][\/vc_column_inner][vc_column_inner width=&#8221;1\/4&#8243;][vc_single_image image=&#8221;280&#8243; img_size=&#8221;full&#8221; alignment=&#8221;center&#8221; image_hovers=&#8221;false&#8221;][\/vc_column_inner][vc_column_inner width=&#8221;1\/4&#8243;][vc_single_image image=&#8221;281&#8243; img_size=&#8221;full&#8221; alignment=&#8221;center&#8221; image_hovers=&#8221;false&#8221;][\/vc_column_inner][\/vc_row_inner][vc_empty_space height=&#8221;30px&#8221;][\/vc_column][\/vc_row]<\/p>\n<\/div>","protected":false},"excerpt":{"rendered":"<p>[vc_row gap=&#8221;20&#8243;][vc_column width=&#8221;1\/2&#8243;][vc_empty_space height=&#8221;10px&#8221;][vc_custom_heading text=&#8221;PERKUJDESJE &amp; PROFESIONALIZEM&#8221; font_container=&#8221;tag:h1|font_size:50px|text_align:left|color:%23573e2a|line_height:75px&#8221; google_fonts=&#8221;font_family:Yanone%20Kaffeesatz%3A200%2C300%2Cregular%2C700|font_style:700%20bold%20regular%3A700%3Anormal&#8221;][vc_custom_heading text=&#8221;PER NJE AMBJENT SHLODHES &#8221; font_container=&#8221;tag:h1|font_size:25px|text_align:left|color:%23779e03|line_height:50px&#8221; google_fonts=&#8221;font_family:Yanone%20Kaffeesatz%3A200%2C300%2Cregular%2C700|font_style:400%20regular%3A400%3Anormal&#8221; css=&#8221;.vc_custom_1531907481117{margin-top: -25px !important;}&#8221;][vc_column_text] Firma Kaleshi sh.p.k, me seli n\u00eb P\u00ebrmet, realizon mirembajtje te kopshteve dhe lulishteve.\u00a0Me qindra vila banimi, lokale, hotele dhe ambiente t\u00eb tjera, n\u00eb \u00e7do skaj t\u00eb Shqip\u00ebris\u00eb, jan\u00eb gjelb\u00ebruar nga Kaleshi shpk nd\u00ebr vite dhe na&hellip;<\/p>\n","protected":false},"author":3,"featured_media":0,"parent":0,"menu_order":0,"comment_status":"closed","ping_status":"closed","template":"","meta":{"footnotes":""},"class_list":["post-273","page","type-page","status-publish","hentry","description-off"],"_links":{"self":[{"href":"https:\/\/www.kaleshi.com.al\/index.php\/wp-json\/wp\/v2\/pages\/273","targetHints":{"allow":["GET"]}}],"collection":[{"href":"https:\/\/www.kaleshi.com.al\/index.php\/wp-json\/wp\/v2\/pages"}],"about":[{"href":"https:\/\/www.kaleshi.com.al\/index.php\/wp-json\/wp\/v2\/types\/page"}],"author":[{"embeddable":true,"href":"https:\/\/www.kaleshi.com.al\/index.php\/wp-json\/wp\/v2\/users\/3"}],"replies":[{"embeddable":true,"href":"https:\/\/www.kaleshi.com.al\/index.php\/wp-json\/wp\/v2\/comments?post=273"}],"version-history":[{"count":7,"href":"https:\/\/www.kaleshi.com.al\/index.php\/wp-json\/wp\/v2\/pages\/273\/revisions"}],"predecessor-version":[{"id":429,"href":"https:\/\/www.kaleshi.com.al\/index.php\/wp-json\/wp\/v2\/pages\/273\/revisions\/429"}],"wp:attachment":[{"href":"https:\/\/www.kaleshi.com.al\/index.php\/wp-json\/wp\/v2\/media?parent=273"}],"curies":[{"name":"wp","href":"https:\/\/api.w.org\/{rel}","templated":true}]}}