{"id":95,"date":"2018-07-12T09:01:00","date_gmt":"2018-07-12T09:01:00","guid":{"rendered":"https:\/\/kaleshi.com.al\/?page_id=95"},"modified":"2018-07-19T11:14:24","modified_gmt":"2018-07-19T11:14:24","slug":"rreth-nesh","status":"publish","type":"page","link":"https:\/\/www.kaleshi.com.al\/index.php\/rreth-nesh\/","title":{"rendered":"Rreth Nesh"},"content":{"rendered":"<div class=\"wpb-content-wrapper\"><p>[vc_row full_width=&#8221;stretch_row&#8221; bg_type=&#8221;image&#8221; parallax_style=&#8221;vcpb-default&#8221; bg_image_new=&#8221;id^98|url^https:\/\/www.kaleshi.com.al\/wp-content\/uploads\/2018\/07\/bg_about.jpg|caption^null|alt^null|title^null|description^null&#8221; bg_override=&#8221;ex-full&#8221; css=&#8221;.vc_custom_1531386243201{margin-top: -70px !important;background-color: #ffffff !important;}&#8221;][vc_column offset=&#8221;vc_hidden-xs&#8221;][vc_row_inner equal_height=&#8221;yes&#8221;][vc_column_inner width=&#8221;1\/2&#8243;][vc_single_image image=&#8221;104&#8243; img_size=&#8221;full&#8221; alignment=&#8221;center&#8221; image_hovers=&#8221;false&#8221;][\/vc_column_inner][vc_column_inner width=&#8221;1\/2&#8243; css=&#8221;.vc_custom_1531387958636{margin-bottom: 33px !important;margin-left: -15px !important;padding-left: 30px !important;background-color: #ffffff !important;}&#8221;][vc_empty_space height=&#8221;20px&#8221;][vc_custom_heading text=&#8221;MIRESEVINI NE KALESHI SH.P.K&#8221; font_container=&#8221;tag:h1|font_size:50px|text_align:left|color:%23573e2a|line_height:75px&#8221; google_fonts=&#8221;font_family:Yanone%20Kaffeesatz%3A200%2C300%2Cregular%2C700|font_style:700%20bold%20regular%3A700%3Anormal&#8221;][vc_custom_heading text=&#8221;PRANVERE NE CDO STINE&#8230;&#8221; font_container=&#8221;tag:h1|font_size:25px|text_align:left|color:%23779e03|line_height:50px&#8221; google_fonts=&#8221;font_family:Yanone%20Kaffeesatz%3A200%2C300%2Cregular%2C700|font_style:400%20regular%3A400%3Anormal&#8221; css=&#8221;.vc_custom_1531297988816{margin-top: -25px !important;}&#8221;][vc_column_text css=&#8221;.vc_custom_1531993460170{padding-right: 70px !important;}&#8221;]<\/p>\n<p style=\"text-align: justify;\">Kan\u00eb kaluar m\u00eb shum\u00eb se dy dekada q\u00eb kur firma Kaleshi @ shpk, me seli n\u00eb P\u00ebrmet, qytetin e luleve, nisi rrug\u00ebtimin e saj. N\u00eb ato vite t\u00eb trisht\u00eb, kur njer\u00ebzit kishin nevoj\u00eb p\u00ebr buk\u00eb e uj\u00eb, kur uria p\u00ebr buk\u00eb, uj\u00eb e liri ishte jetike, t\u00eb merreshe me lulet ishte nj\u00eb aventur\u00eb. Dhe aventura nisi. Me shpres\u00eb si nguti p\u00ebr t\u00eb kapur nj\u00eb \u00ebnd\u00ebrr q\u00eb vinte nga Qyteti i Luleve, q\u00eb vinte nga parvazi i ballkonit t\u00eb \u00e7do amvise shqiptare, n\u00eb t\u00eb cilat nuk mungonin ato po\u00e7e balte me ngjyr\u00eb t\u00eb kuqerremt\u00eb, t\u00eb mbjella me lule q\u00eb i jepnin jet\u00eb jet\u00ebs s\u00eb shqiptar\u00ebve, i jepnin drit\u00eb dhe g\u00ebzim trishtimit t\u00eb jet\u00ebs.<\/p>\n<p>[\/vc_column_text][vc_btn title=&#8221;PUNIMET TONA&#8221; style=&#8221;outline-custom&#8221; outline_custom_color=&#8221;#86ad39&#8243; outline_custom_hover_background=&#8221;#86ad39&#8243; outline_custom_hover_text=&#8221;#ffffff&#8221; shape=&#8221;square&#8221; align=&#8221;left&#8221; link=&#8221;url:%2Findex.php%2Fpunimet-tona%2F|||&#8221;][\/vc_column_inner][\/vc_row_inner][vc_empty_space][\/vc_column][\/vc_row][vc_row full_width=&#8221;stretch_row&#8221; bg_type=&#8221;image&#8221; parallax_style=&#8221;vcpb-default&#8221; bg_image_new=&#8221;id^98|url^https:\/\/www.kaleshi.com.al\/wp-content\/uploads\/2018\/07\/bg_about.jpg|caption^null|alt^null|title^null|description^null&#8221; bg_override=&#8221;ex-full&#8221; css=&#8221;.vc_custom_1531390832815{background-color: #ffffff !important;}&#8221;][vc_column offset=&#8221;vc_hidden-lg vc_hidden-md vc_hidden-sm&#8221;][vc_row_inner equal_height=&#8221;yes&#8221;][vc_column_inner width=&#8221;1\/2&#8243;][vc_single_image image=&#8221;104&#8243; img_size=&#8221;full&#8221; alignment=&#8221;center&#8221; image_hovers=&#8221;false&#8221;][\/vc_column_inner][vc_column_inner width=&#8221;1\/2&#8243; css=&#8221;.vc_custom_1531387958636{margin-bottom: 33px !important;margin-left: -15px !important;padding-left: 30px !important;background-color: #ffffff !important;}&#8221;][vc_empty_space height=&#8221;20px&#8221;][vc_custom_heading text=&#8221;MIRESEVINI NE KALESHI SH.P.K&#8221; font_container=&#8221;tag:h1|font_size:35px|text_align:left|color:%23573e2a|line_height:40px&#8221; google_fonts=&#8221;font_family:Yanone%20Kaffeesatz%3A200%2C300%2Cregular%2C700|font_style:700%20bold%20regular%3A700%3Anormal&#8221;][vc_custom_heading text=&#8221;PRANVERE NE CDO STINE&#8230;&#8221; font_container=&#8221;tag:h1|font_size:25px|text_align:left|color:%23779e03|line_height:50px&#8221; google_fonts=&#8221;font_family:Yanone%20Kaffeesatz%3A200%2C300%2Cregular%2C700|font_style:400%20regular%3A400%3Anormal&#8221; css=&#8221;.vc_custom_1531297988816{margin-top: -25px !important;}&#8221;][vc_column_text]<\/p>\n<p style=\"text-align: justify;\">Kan\u00eb kaluar m\u00eb shum\u00eb se dy dekada q\u00eb kur firma Kaleshi @ shpk, me seli n\u00eb P\u00ebrmet, qytetin e luleve, nisi rrug\u00ebtimin e saj. N\u00eb ato vite t\u00eb trisht\u00eb, kur njer\u00ebzit kishin nevoj\u00eb p\u00ebr buk\u00eb e uj\u00eb, kur uria p\u00ebr buk\u00eb, uj\u00eb e liri ishte jetike, t\u00eb merreshe me lulet ishte nj\u00eb aventur\u00eb. Dhe aventura nisi. Me shpres\u00eb si nguti p\u00ebr t\u00eb kapur nj\u00eb \u00ebnd\u00ebrr q\u00eb vinte nga Qyteti i Luleve, q\u00eb vinte nga parvazi i ballkonit t\u00eb \u00e7do amvise shqiptare, n\u00eb t\u00eb cilat nuk mungonin ato po\u00e7e balte me ngjyr\u00eb t\u00eb kuqerremt\u00eb, t\u00eb mbjella me lule q\u00eb i jepnin jet\u00eb jet\u00ebs s\u00eb shqiptar\u00ebve, i jepnin drit\u00eb dhe g\u00ebzim trishtimit t\u00eb jet\u00ebs.<\/p>\n<p>[\/vc_column_text][vc_btn title=&#8221;PUNIMET TONA&#8221; style=&#8221;outline-custom&#8221; outline_custom_color=&#8221;#86ad39&#8243; outline_custom_hover_background=&#8221;#86ad39&#8243; outline_custom_hover_text=&#8221;#ffffff&#8221; shape=&#8221;square&#8221; align=&#8221;left&#8221; link=&#8221;url:%2Findex.php%2Fpunimet-tona%2F|||&#8221;][\/vc_column_inner][\/vc_row_inner][vc_empty_space][\/vc_column][\/vc_row][vc_row][vc_column][vc_empty_space height=&#8221;40px&#8221;][\/vc_column][\/vc_row][vc_row gap=&#8221;35&#8243;][vc_column css_animation=&#8221;fadeInLeft&#8221; width=&#8221;1\/3&#8243; css=&#8221;.vc_custom_1531471612129{background-image: url(https:\/\/www.kaleshi.com.al\/wp-content\/uploads\/2018\/07\/1-bg.png?id=111) !important;background-position: 0 0 !important;background-repeat: no-repeat !important;}&#8221;][vc_empty_space height=&#8221;25px&#8221;][vc_custom_heading text=&#8221;Lule &amp; Bim\u00eb Dekorative&#8221; font_container=&#8221;tag:h1|font_size:35px|text_align:left|color:%23573e2a|line_height:45px&#8221; google_fonts=&#8221;font_family:Yanone%20Kaffeesatz%3A200%2C300%2Cregular%2C700|font_style:400%20regular%3A400%3Anormal&#8221;][vc_column_text]<\/p>\n<p style=\"text-align: left;\">Lule dhe bim\u00eb dekorative per ambjente te brendshme, t\u00eb jashtme, ballkone dhe parvaze.<\/p>\n<p>[\/vc_column_text][vc_empty_space height=&#8221;80px&#8221;][\/vc_column][vc_column css_animation=&#8221;fadeInUp&#8221; width=&#8221;1\/3&#8243; css=&#8221;.vc_custom_1531471621356{background-image: url(https:\/\/www.kaleshi.com.al\/wp-content\/uploads\/2018\/07\/2-bg.png?id=112) !important;background-position: 0 0 !important;background-repeat: no-repeat !important;}&#8221;][vc_empty_space height=&#8221;25px&#8221;][vc_custom_heading text=&#8221;Aksesor\u00eb t\u00eb Ndrysh\u00ebm&#8221; font_container=&#8221;tag:h1|font_size:35px|text_align:left|color:%23573e2a|line_height:45px&#8221; google_fonts=&#8221;font_family:Yanone%20Kaffeesatz%3A200%2C300%2Cregular%2C700|font_style:400%20regular%3A400%3Anormal&#8221;][vc_column_text]<\/p>\n<p style=\"text-align: left;\">Vazo t\u00eb ndryshme lulesh per lokale, sht\u00ebpi dhe shitje p\u00ebr dekorimin e parvazeve dhe ballkoneve.<\/p>\n<p>[\/vc_column_text][vc_empty_space height=&#8221;80px&#8221;][\/vc_column][vc_column css_animation=&#8221;fadeInRight&#8221; width=&#8221;1\/3&#8243; css=&#8221;.vc_custom_1531471628414{background-image: url(https:\/\/www.kaleshi.com.al\/wp-content\/uploads\/2018\/07\/3-bg.png?id=113) !important;background-position: 0 0 !important;background-repeat: no-repeat !important;}&#8221;][vc_empty_space height=&#8221;25px&#8221;][vc_custom_heading text=&#8221;Mirembajtje Zonash t\u00eb Gjelb\u00ebrta&#8221; font_container=&#8221;tag:h1|font_size:35px|text_align:left|color:%23573e2a|line_height:45px&#8221; google_fonts=&#8221;font_family:Yanone%20Kaffeesatz%3A200%2C300%2Cregular%2C700|font_style:400%20regular%3A400%3Anormal&#8221;][vc_column_text]<\/p>\n<p style=\"text-align: left;\">Projektim, mir\u00ebmbajtje dhe realizim gjelb\u00ebrimi p\u00ebr lulishte, parqe dhe rrug\u00eb.<\/p>\n<p>[\/vc_column_text][vc_empty_space height=&#8221;80px&#8221;][\/vc_column][\/vc_row][vc_row full_width=&#8221;stretch_row&#8221; bg_type=&#8221;image&#8221; parallax_style=&#8221;vcpb-default&#8221; bg_image_new=&#8221;id^98|url^https:\/\/www.kaleshi.com.al\/wp-content\/uploads\/2018\/07\/bg_about.jpg|caption^null|alt^null|title^null|description^null&#8221; bg_override=&#8221;ex-full&#8221; css=&#8221;.vc_custom_1531994235696{margin-top: -70px !important;background: #ffffff url(https:\/\/www.kaleshi.com.al\/wp-content\/uploads\/2018\/07\/bg2.jpg?id=45) !important;}&#8221;][vc_column offset=&#8221;vc_hidden-xs&#8221;][vc_row_inner equal_height=&#8221;yes&#8221;][vc_column_inner width=&#8221;1\/2&#8243; css=&#8221;.vc_custom_1531387958636{margin-bottom: 33px !important;margin-left: -15px !important;padding-left: 30px !important;background-color: #ffffff !important;}&#8221;][vc_custom_heading text=&#8221;HISTORIKU&#8221; font_container=&#8221;tag:h1|font_size:50px|text_align:left|color:%23573e2a|line_height:75px&#8221; google_fonts=&#8221;font_family:Yanone%20Kaffeesatz%3A200%2C300%2Cregular%2C700|font_style:700%20bold%20regular%3A700%3Anormal&#8221;][vc_column_text css=&#8221;.vc_custom_1531995611946{margin-bottom: -10px !important;padding-right: 15px !important;}&#8221;]<\/p>\n<p style=\"text-align: justify;\">Kaleshi @ shpk fillimisht ishte si nj\u00eb far\u00eb e ndrojtur e hedhur n\u00eb nj\u00eb tok\u00eb t\u00eb tharr\u00eb. Me durim, me durim e pun\u00eb, me durim, pun\u00eb dhe dashuri, ajo \u00e7eli sythet e para, u rrit dhe u shumua dhe pak nga pak \u201cu mboll\u201d pothuaj n\u00eb t\u00eb gjith\u00eb Shqip\u00ebrin\u00eb, duke u b\u00ebr\u00eb sot, firma lider n\u00eb kultivimin, tregtimin dhe importimin me shumic\u00eb e pakic\u00eb t\u00eb luleve, pem\u00ebve dekorative dhe aksesor\u00ebve t\u00eb tjer\u00eb q\u00eb e b\u00ebjn\u00eb jet\u00ebn m\u00eb t\u00eb gjelb\u00ebr, q\u00eb e \u00e7ojn\u00eb jet\u00ebn m\u00eb pran\u00eb natyr\u00ebs. Puna jon\u00eb fillon k\u00ebtu, por nuk mbaron k\u00ebtu, sepse i afrojm\u00eb klient\u00ebve edhe sh\u00ebrbimin e vazhduesh\u00ebm dhe t\u00eb p\u00ebrhersh\u00ebm p\u00ebr \u00e7far\u00eb porosisin tek ne. N\u00eb nj\u00eb marr\u00ebdh\u00ebnie besimi reciprok, sh\u00ebrbese dhe miq\u00ebsie. Sepse motoja jon\u00eb \u00ebsht\u00eb: \u201cPranver\u00eb n\u00eb \u00e7do stin\u00eb\u201d!<br \/>\nEdhe n\u00eb vitin e mbrapsht\u00eb 97\u2019, at\u00ebher\u00eb kur arm\u00ebt dol\u00ebn n\u00eb rrug\u00eb dhe marr\u00ebzia u b\u00eb mbret i rrug\u00ebve t\u00eb Shqip\u00ebris\u00eb, Kaleshi @ shpk e vazhdoi aktivitetin e tij me lule. Shum\u00eb nga buqetat q\u00eb qytetar\u00eb q\u00eb k\u00ebrkonin paqe i hidhnin mbi mjetet e blinduara, vinin nga firma jon\u00eb. Nga lindja deri n\u00eb vdekje, n\u00eb maternitete ku d\u00ebgjohet e qara e par\u00eb e foshnjave e deri n\u00eb varreza ku p\u00ebrcillen t\u00eb ndjer\u00ebt n\u00eb am\u00ebshim, n\u00eb dasma e g\u00ebzime, n\u00eb k\u00ebng\u00eb e n\u00eb vaj, Kaleshi @ shpk u b\u00eb bashk\u00ebudh\u00ebtar i qytetar\u00ebve me lule q\u00eb g\u00ebzojn\u00eb dhe lule q\u00eb ngush\u00ebllojn\u00eb. Dy dekada m\u00eb pas, firma Kaleshi @ shpk, \u00ebsht\u00eb shnd\u00ebrruar n\u00eb furnizuesin e par\u00eb dhe kryesor n\u00eb vend p\u00ebr tregtar\u00ebt e shumic\u00ebs dhe pakic\u00ebs n\u00eb vend duke qen\u00eb k\u00ebshtu, e pranishme n\u00eb pothuaj \u00e7do sht\u00ebpi shqiptare.<\/p>\n<p>[\/vc_column_text][\/vc_column_inner][vc_column_inner width=&#8221;1\/2&#8243;][vc_single_image image=&#8221;379&#8243; img_size=&#8221;full&#8221; alignment=&#8221;center&#8221; image_hovers=&#8221;false&#8221;][\/vc_column_inner][\/vc_row_inner][vc_empty_space][\/vc_column][\/vc_row][vc_row][vc_column]<div class=\"standard-arrow bullet-top\"><ul>\n<li>\n<p style=\"text-align: justify;\"><strong>Tirana?<\/strong><br \/>\nE mbani mend projektin e lulishtes Mini Amsterdam n\u00eb krah t\u00eb Bank\u00ebs s\u00eb Shqip\u00ebris\u00eb? Ishte nj\u00eb projekt i ideuar dhe zbatuar nga firma Kaleshi @ shpk. I shihni \u00e7do dit\u00eb rrapet e rinj t\u00eb mbjell\u00eb an\u00ebs lumit Lana, Kumbullat e kuqe n\u00eb rrug\u00ebn e Kavaj\u00ebs, ligustrat n\u00eb Bulevardin Zogu i Par\u00eb dhe shum\u00ebkund gjetk\u00eb, n\u00eb banesa, vila private, n\u00eb restorante dhe godina administrative, n\u00eb televizione dhe n\u00eb emisionet m\u00eb t\u00eb ndjekura nga shqiptar\u00ebt, t\u00eb gjitha ato kan\u00eb qen\u00eb pun\u00eb t\u00eb kryera me dashuri, shpesh edhe n\u00eb form\u00ebn e dhurat\u00ebs p\u00ebr qytetin e Tiran\u00ebs nga firma Kaleshi @ shpk.<\/p>\n<\/li>\n<li>\u00a0<strong>Durr\u00ebsi?<\/strong>\n<p style=\"text-align: justify;\">Po Manjolat, Kumbullat e Kuqe n\u00eb akset kryesore t\u00eb qytetit t\u00eb Durr\u00ebsit, hotelet dhe restorantet e panum\u00ebrt q\u00eb mbajn\u00eb mark\u00ebn Kaleshi @ shpk, i keni par\u00eb?<\/p>\n<\/li>\n<li>\u00a0<strong>Elbasani?<\/strong>\n<p style=\"text-align: justify;\">Dora e Kaleshi @ shpk gjendet q\u00eb n\u00eb qendr\u00ebn e qytetit, n\u00eb disa nga komplekset m\u00eb t\u00eb njohur t\u00eb qytetit dhe restorantet e hotelet kryesor\u00eb t\u00eb tij.<\/p>\n<\/li>\n<li>\u00a0<strong>Fieri?<\/strong>\n<p style=\"text-align: justify;\">I gjith\u00eb gjelb\u00ebrimi i unaz\u00ebs s\u00eb Fierit \u00ebsht\u00eb nj\u00eb projekt i realizuar nga Kaleshi @ shpk.<\/p>\n<\/li>\n<li>\u00a0<strong>Berati?<\/strong>\n<p style=\"text-align: justify;\">Rruga n\u00eb hyrje t\u00eb qytetit t\u00eb Beratit \u00ebsht\u00eb e gjelb\u00ebr. Edhe ajo \u00ebsht\u00eb nj\u00eb vep\u00ebr e b\u00ebr\u00eb me dashuri e pasion nga Kaleshi @ shpk.<\/p>\n<\/li>\n<li>\u00a0<strong>Saranda?<\/strong>\n<p style=\"text-align: justify;\">N\u00eb qytetin e detit me t\u00eb kalt\u00ebr t\u00eb thell\u00eb, Kaleshi @ shpk ka dh\u00ebn\u00eb gjelb\u00ebrim n\u00eb gjith\u00eb segmentin nga Hotel Butrinti e deri n\u00eb qytetin antik t\u00eb Butrintit.<\/p>\n<\/li>\n<li>\u00a0<strong>P\u00ebrmeti?<\/strong>\n<p style=\"text-align: justify;\">Esht\u00eb dashuria e madhe. Kumbulla t\u00eb Kuqe, Manjolat me gjelb\u00ebrim t\u00eb p\u00ebrhersh\u00ebm jan\u00eb afruar nga Kaleshi @ shpk. E po k\u00ebshtu, edhe n\u00eb dhjetra e dhjetra komuna, an\u00ebs rrug\u00ebve nacionale e atyre rurale, kudo gjendet dhe ka hedhur rr\u00ebnj\u00eb e gjelb\u00ebrim Kaleshi @ shpk.<\/p>\n<\/li>\n<\/ul>\n<\/div>[\/vc_column][\/vc_row][vc_row full_width=&#8221;stretch_row&#8221; bg_type=&#8221;image&#8221; parallax_style=&#8221;vcpb-default&#8221; bg_image_new=&#8221;id^98|url^https:\/\/www.kaleshi.com.al\/wp-content\/uploads\/2018\/07\/bg_about.jpg|caption^null|alt^null|title^null|description^null&#8221; bg_override=&#8221;ex-full&#8221; css=&#8221;.vc_custom_1531994235696{margin-top: -70px !important;background: #ffffff url(https:\/\/www.kaleshi.com.al\/wp-content\/uploads\/2018\/07\/bg2.jpg?id=45) !important;}&#8221;][vc_column offset=&#8221;vc_hidden-xs&#8221;][vc_row_inner equal_height=&#8221;yes&#8221;][vc_column_inner width=&#8221;1\/2&#8243;][vc_single_image image=&#8221;380&#8243; img_size=&#8221;full&#8221; alignment=&#8221;center&#8221; image_hovers=&#8221;false&#8221;][\/vc_column_inner][vc_column_inner width=&#8221;1\/2&#8243; css=&#8221;.vc_custom_1531387958636{margin-bottom: 33px !important;margin-left: -15px !important;padding-left: 30px !important;background-color: #ffffff !important;}&#8221;][vc_column_text css=&#8221;.vc_custom_1531998788020{margin-bottom: -15px !important;}&#8221;]<\/p>\n<p style=\"text-align: justify;\">Jan\u00eb me dhjetra institucionet q\u00ebndrore dhe lokale q\u00eb kan\u00eb bashk\u00ebpunuar dhe kan\u00eb besuar tek Kaleshi @ shpk. Lulet dhe pem\u00ebt e kultivuara nga Kaleshi @ shpk i gjen n\u00eb ambientet e institucionit t\u00eb Presidentit t\u00eb Republik\u00ebs, n\u00eb ministrin\u00eb e Brendshme, n\u00eb ministrin\u00eb e Pun\u00ebve Publike dhe Transporteve, n\u00eb ministrin\u00eb e Mjedisit. N\u00eb Televizionet TV Klan, Ora News, Vizion Plus, Kaleshi @ shpk ka l\u00ebn\u00eb gjurm\u00ebn e tij t\u00eb blert\u00eb. Drejtoria e P\u00ebrgjithshme e Tatimeve dhe Taksave, Drejtoria e Parandalimit e Pastrimit t\u00eb Parave t\u00eb Pista, Qendra e Prodhimit t\u00eb kartave t\u00eb Identitetit, Qendra e Azilant\u00ebve, Qendra e Viktimave t\u00eb Trafikut, jan\u00eb gjithashtu disa nga projektet e ideuara dhe t\u00eb zbatuara nga firma jon\u00eb.<\/p>\n<p style=\"text-align: justify;\">Nj\u00eb num\u00ebr jasht\u00ebzakonisht i madh biznesesh private kan\u00eb bashk\u00ebpunuar gjithashtu me Kaleshi @ shpk, kompani si Salillari, Neranxi e Besi, kan\u00eb besuar tek ne. Me qindra vila banimi, lokale, hotele dhe ambiente t\u00eb tjera, n\u00eb \u00e7do skaj t\u00eb Shqip\u00ebris\u00eb, jan\u00eb gjelb\u00ebruar nga Kaleshi @ shpk nd\u00ebr vite duke krijuar nj\u00eb marr\u00ebdh\u00ebnie besimi reciprok. N\u00eb konkurset e bukuris\u00eb, n\u00eb shfaqje teatrore, n\u00eb koncerte, Kaleshi @ shpk ka afruar ngjyra dhe aroma. Do ta gjeni gjurm\u00ebn e Kaleshi @ shpk edhe n\u00eb Universitetin Evropian t\u00eb Tiran\u00ebs, n\u00eb Universitetin Kristal, rezidenc\u00ebn dhe kampusin e tij, Universitetin Polis, Fakultetin Ekonomik; do ta gjeni n\u00eb nj\u00eb num\u00ebr shkollash dhe kopshtesh;<\/p>\n<p style=\"text-align: justify;\">Dhe ky, edhe mbas dy dekadash aktivitet, \u00ebsht\u00eb s\u00ebrish vet\u00ebm fillimi sepse Kaleshi @ shpk vazhdon t\u00eb punoj\u00eb me t\u00eb nj\u00ebjtin pasion dhe dashuri si n\u00eb fillim t\u00eb veprimtaris\u00eb s\u00eb tij me moton: \u201cPranver\u00eb n\u00eb \u00e7do stin\u00eb\u201d! Kaleshi @ shpk \u00ebsht\u00eb sponsorizuesi i ekipit t\u00eb futbollit t\u00eb P\u00ebrmetit q\u00eb nga viti 2000 dhe ka hapur televizionin lokal TV P\u00ebrmeti.<\/p>\n<p>[\/vc_column_text][\/vc_column_inner][\/vc_row_inner][vc_empty_space][\/vc_column][\/vc_row][vc_row full_width=&#8221;stretch_row_content_no_spaces&#8221; bg_type=&#8221;image&#8221; parallax_style=&#8221;vcpb-default&#8221; bg_image_new=&#8221;id^108|url^https:\/\/www.kaleshi.com.al\/wp-content\/uploads\/2018\/07\/bg-4.jpg|caption^null|alt^null|title^null|description^null&#8221; bg_override=&#8221;ex-full&#8221; css=&#8221;.vc_custom_1531391374175{margin-bottom: -90px !important;}&#8221;][vc_column offset=&#8221;vc_hidden-xs&#8221;][vc_row_inner][vc_column_inner width=&#8221;1\/2&#8243; css=&#8221;.vc_custom_1531293970654{padding-left: 30px !important;}&#8221;][vc_empty_space height=&#8221;50px&#8221;][vc_custom_heading text=&#8221;BASHK\u00cbPUNONI ME NE&#8221; font_container=&#8221;tag:h1|font_size:52px|text_align:center|color:%23ffffff|line_height:58px&#8221; google_fonts=&#8221;font_family:Yanone%20Kaffeesatz%3A200%2C300%2Cregular%2C700|font_style:700%20bold%20regular%3A700%3Anormal&#8221;][vc_custom_heading text=&#8221;Lider n\u00eb treg, p\u00ebr m\u00eb shum\u00eb se 20 vite!&#8221; font_container=&#8221;tag:h1|font_size:30px|text_align:center|color:%23ffffff|line_height:35px&#8221; google_fonts=&#8221;font_family:Yanone%20Kaffeesatz%3A200%2C300%2Cregular%2C700|font_style:300%20light%20regular%3A300%3Anormal&#8221;][\/vc_column_inner][vc_column_inner width=&#8221;1\/2&#8243;][vc_empty_space height=&#8221;150px&#8221;][vc_custom_heading text=&#8221;GJITHMON\u00cb PRAN\u00cb JUSH&#8221; font_container=&#8221;tag:h1|font_size:70px|text_align:center|color:%23ffffff|line_height:75px&#8221; google_fonts=&#8221;font_family:Yanone%20Kaffeesatz%3A200%2C300%2Cregular%2C700|font_style:700%20bold%20regular%3A700%3Anormal&#8221; css=&#8221;.vc_custom_1531389368501{padding-right: 80px !important;padding-left: 80px !important;}&#8221;][vc_column_text css=&#8221;.vc_custom_1531998861154{padding-right: 80px !important;padding-left: 80px !important;}&#8221;]<\/p>\n<p style=\"text-align: center; font-size: 20px;\"><span style=\"color: #ffffff;\">Nj\u00eb num\u00ebr i madh biznesesh private, vila banimi, lokale e hotele n\u00eb \u00e7do skaj t\u00eb Shqip\u00ebris\u00eb, jan\u00eb gjelb\u00ebruar nga Kaleshi @ shpk nd\u00ebr vite duke krijuar nj\u00eb marr\u00ebdh\u00ebnie besimi reciprok. <\/span><\/p>\n<p>[\/vc_column_text][vc_btn title=&#8221;SHERBIMET&#8221; style=&#8221;outline-custom&#8221; outline_custom_color=&#8221;#ffffff&#8221; outline_custom_hover_background=&#8221;#a2c642&#8243; outline_custom_hover_text=&#8221;#ffffff&#8221; shape=&#8221;square&#8221; align=&#8221;center&#8221; link=&#8221;url:%2Findex.php%2Fsherbime%2F|||&#8221;][\/vc_column_inner][\/vc_row_inner][vc_empty_space height=&#8221;140px&#8221;][\/vc_column][\/vc_row][vc_row full_width=&#8221;stretch_row_content_no_spaces&#8221; bg_type=&#8221;image&#8221; parallax_style=&#8221;vcpb-default&#8221; bg_override=&#8221;ex-full&#8221;][vc_column offset=&#8221;vc_hidden-lg vc_hidden-md vc_hidden-sm&#8221;][vc_row_inner][vc_column_inner width=&#8221;1\/2&#8243; css=&#8221;.vc_custom_1531391019308{padding-left: 30px !important;background-image: url(https:\/\/www.kaleshi.com.al\/wp-content\/uploads\/2018\/07\/background-3-1.jpg?id=117) !important;}&#8221;][vc_empty_space height=&#8221;50px&#8221;][vc_custom_heading text=&#8221;BASHK\u00cbPUNONI ME NE&#8221; font_container=&#8221;tag:h1|font_size:52px|text_align:center|color:%23ffffff|line_height:58px&#8221; google_fonts=&#8221;font_family:Yanone%20Kaffeesatz%3A200%2C300%2Cregular%2C700|font_style:700%20bold%20regular%3A700%3Anormal&#8221;][vc_custom_heading text=&#8221;Lider n\u00eb treg, p\u00ebr m\u00eb shum\u00eb se 20 vite!&#8221; font_container=&#8221;tag:h1|font_size:30px|text_align:center|color:%23ffffff|line_height:35px&#8221; google_fonts=&#8221;font_family:Yanone%20Kaffeesatz%3A200%2C300%2Cregular%2C700|font_style:300%20light%20regular%3A300%3Anormal&#8221;][vc_empty_space height=&#8221;35px&#8221;][\/vc_column_inner][vc_column_inner width=&#8221;1\/2&#8243; css=&#8221;.vc_custom_1531391217307{margin-bottom: -70px !important;background-image: url(https:\/\/www.kaleshi.com.al\/wp-content\/uploads\/2018\/07\/bg-3.jpg?id=106) !important;}&#8221;][vc_empty_space height=&#8221;150px&#8221;][vc_custom_heading text=&#8221;GJITHMON\u00cb PRAN\u00cb JUSH&#8221; font_container=&#8221;tag:h1|font_size:50px|text_align:center|color:%23ffffff|line_height:55px&#8221; google_fonts=&#8221;font_family:Yanone%20Kaffeesatz%3A200%2C300%2Cregular%2C700|font_style:700%20bold%20regular%3A700%3Anormal&#8221;][vc_column_text css=&#8221;.vc_custom_1531391136326{padding-right: 10px !important;padding-left: 10px !important;}&#8221;]<\/p>\n<p style=\"text-align: center; font-size: 20px;\"><span style=\"color: #ffffff;\">Nj\u00eb num\u00ebr i madh biznesesh private, vila banimi, lokale e hotele n\u00eb \u00e7do skaj t\u00eb Shqip\u00ebris\u00eb, jan\u00eb gjelb\u00ebruar nga Kaleshi @ shpk nd\u00ebr vite duke krijuar nj\u00eb marr\u00ebdh\u00ebnie besimi reciprok. <\/span><\/p>\n<p>[\/vc_column_text][vc_btn title=&#8221;SHERBIMET&#8221; style=&#8221;outline-custom&#8221; outline_custom_color=&#8221;#ffffff&#8221; outline_custom_hover_background=&#8221;#a2c642&#8243; outline_custom_hover_text=&#8221;#ffffff&#8221; shape=&#8221;square&#8221; align=&#8221;center&#8221; link=&#8221;url:%2Findex.php%2Fsherbime%2F|||&#8221;][vc_empty_space height=&#8221;140px&#8221;][\/vc_column_inner][\/vc_row_inner][\/vc_column][\/vc_row]<\/p>\n<\/div>","protected":false},"excerpt":{"rendered":"<p>[vc_row full_width=&#8221;stretch_row&#8221; bg_type=&#8221;image&#8221; parallax_style=&#8221;vcpb-default&#8221; bg_image_new=&#8221;id^98|url^https:\/\/www.kaleshi.com.al\/wp-content\/uploads\/2018\/07\/bg_about.jpg|caption^null|alt^null|title^null|description^null&#8221; bg_override=&#8221;ex-full&#8221; css=&#8221;.vc_custom_1531386243201{margin-top: -70px !important;background-color: #ffffff !important;}&#8221;][vc_column offset=&#8221;vc_hidden-xs&#8221;][vc_row_inner equal_height=&#8221;yes&#8221;][vc_column_inner width=&#8221;1\/2&#8243;][vc_single_image image=&#8221;104&#8243; img_size=&#8221;full&#8221; alignment=&#8221;center&#8221; image_hovers=&#8221;false&#8221;][\/vc_column_inner][vc_column_inner width=&#8221;1\/2&#8243; css=&#8221;.vc_custom_1531387958636{margin-bottom: 33px !important;margin-left: -15px !important;padding-left: 30px !important;background-color: #ffffff !important;}&#8221;][vc_empty_space height=&#8221;20px&#8221;][vc_custom_heading text=&#8221;MIRESEVINI NE KALESHI SH.P.K&#8221; font_container=&#8221;tag:h1|font_size:50px|text_align:left|color:%23573e2a|line_height:75px&#8221; google_fonts=&#8221;font_family:Yanone%20Kaffeesatz%3A200%2C300%2Cregular%2C700|font_style:700%20bold%20regular%3A700%3Anormal&#8221;][vc_custom_heading text=&#8221;PRANVERE NE CDO STINE&#8230;&#8221; font_container=&#8221;tag:h1|font_size:25px|text_align:left|color:%23779e03|line_height:50px&#8221; google_fonts=&#8221;font_family:Yanone%20Kaffeesatz%3A200%2C300%2Cregular%2C700|font_style:400%20regular%3A400%3Anormal&#8221; css=&#8221;.vc_custom_1531297988816{margin-top: -25px !important;}&#8221;][vc_column_text css=&#8221;.vc_custom_1531993460170{padding-right: 70px !important;}&#8221;] Kan\u00eb kaluar m\u00eb shum\u00eb se dy dekada q\u00eb&hellip;<\/p>\n","protected":false},"author":3,"featured_media":0,"parent":0,"menu_order":0,"comment_status":"closed","ping_status":"closed","template":"","meta":{"footnotes":""},"class_list":["post-95","page","type-page","status-publish","hentry","description-off"],"_links":{"self":[{"href":"https:\/\/www.kaleshi.com.al\/index.php\/wp-json\/wp\/v2\/pages\/95","targetHints":{"allow":["GET"]}}],"collection":[{"href":"https:\/\/www.kaleshi.com.al\/index.php\/wp-json\/wp\/v2\/pages"}],"about":[{"href":"https:\/\/www.kaleshi.com.al\/index.php\/wp-json\/wp\/v2\/types\/page"}],"author":[{"embeddable":true,"href":"https:\/\/www.kaleshi.com.al\/index.php\/wp-json\/wp\/v2\/users\/3"}],"replies":[{"embeddable":true,"href":"https:\/\/www.kaleshi.com.al\/index.php\/wp-json\/wp\/v2\/comments?post=95"}],"version-history":[{"count":19,"href":"https:\/\/www.kaleshi.com.al\/index.php\/wp-json\/wp\/v2\/pages\/95\/revisions"}],"predecessor-version":[{"id":446,"href":"https:\/\/www.kaleshi.com.al\/index.php\/wp-json\/wp\/v2\/pages\/95\/revisions\/446"}],"wp:attachment":[{"href":"https:\/\/www.kaleshi.com.al\/index.php\/wp-json\/wp\/v2\/media?parent=95"}],"curies":[{"name":"wp","href":"https:\/\/api.w.org\/{rel}","templated":true}]}}